{"id":1603,"date":"2016-04-19T08:36:45","date_gmt":"2016-04-19T08:36:45","guid":{"rendered":"https:\/\/savory.qodeinteractive.com\/?page_id=1603"},"modified":"2016-04-19T08:36:45","modified_gmt":"2016-04-19T08:36:45","slug":"testimonials","status":"publish","type":"page","link":"https:\/\/langoustine.ca\/es\/testimonials\/","title":{"rendered":"Testimonials"},"content":{"rendered":"<div class=\"wpb-content-wrapper\"><div class=\"vc_row wpb_row vc_row-fluid eltd-section vc_custom_1475757683010 eltd-content-aligment-left eltd-grid-section\" style=\"\"><div class=\"clearfix eltd-section-inner\"><div class=\"eltd-section-inner-margin clearfix\"><div class=\"wpb_column vc_column_container vc_col-sm-12\"><div class=\"vc_column-inner\"><div class=\"wpb_wrapper\"><div class=\"eltd-testimonials-holder clearfix\">\n\t<div class=\"eltd-testimonials eltd-standard\"  data-items=\"3\" data-autoplay-speed=\"3000\" data-navigation=\"no\" data-pagination=\"yes\">\n\t\t\t\t\t<p>Sorry, no posts matched your criteria.<\/p>\n\t\t\t<\/div>\n<\/div><\/div><\/div><\/div><\/div><\/div><\/div><div data-eltd-parallax-speed=\"1\" data-eltd-parallax-bgnd='[\"https:\\\/\\\/langoustine.ca\\\/wp-content\\\/uploads\\\/2016\\\/09\\\/home1-main-parallax-1.jpg\",1920,1000,false]' class=\"vc_row wpb_row vc_row-fluid eltd-section vc_custom_1475757731345 eltd-content-aligment-left eltd-parallax-section-holder eltd-grid-section\" style=\"background-image:url(https:\/\/langoustine.ca\/wp-content\/uploads\/2016\/09\/home1-main-parallax-1.jpg);\"><div class=\"clearfix eltd-section-inner\"><div class=\"eltd-section-inner-margin clearfix\"><div class=\"wpb_column vc_column_container vc_col-sm-12 vc_col-lg-offset-2 vc_col-lg-8\"><div class=\"vc_column-inner\"><div class=\"wpb_wrapper\"><div class=\"eltd-testimonials-holder clearfix\">\n\t<div class=\"eltd-testimonials eltd-with-image light\"  data-items=\"3\" data-autoplay-speed=\"3000\" data-navigation=\"no\" data-pagination=\"yes\">\n\t\t<div class=\"eltd-testimonial-content\">\n\t\t\t<div class=\"eltd-testimonials-image\">\n\t\t\t<div class=\"eltd-testimonials-image-inner\" style=\"background-image: url(https:\/\/langoustine.ca\/wp-content\/uploads\/2016\/09\/lami-ferchichi.png)\">\n\t\t\t<\/div>\n\t\t<\/div>\n\t\t<div class=\"eltd-testimonials-text\">\n\t\t<p>Les propri\u00e9taires \u00e9taient tr\u00e8s gentils et serviables, ils ont commenc\u00e9 par nous donner un plat de salade gratuit pour chacun avec du Pain. \u00a1J'ai trouv\u00e9 \u00e7a tr\u00e8s g\u00e9n\u00e9reux contrairement \u00e0 d'otres endroits o\u00f9 on donne le Pain en extra! La marmite p\u00eacheur \u00e9tait bonne et g\u00e9n\u00e9reuse et la paella d\u00e9licieuse. \u00a1Buena continuaci\u00f3n!<\/p>\n\t<\/div>\n\t<div class=\"eltd-testimonials-author\">\n\t\t<h5>lami ferchichi<\/h5>\n\t<\/div>\n<\/div><div class=\"eltd-testimonial-content\">\n\t\t\t<div class=\"eltd-testimonials-image\">\n\t\t\t<div class=\"eltd-testimonials-image-inner\" style=\"background-image: url(https:\/\/langoustine.ca\/wp-content\/uploads\/2016\/09\/juventino545.png)\">\n\t\t\t<\/div>\n\t\t<\/div>\n\t\t<div class=\"eltd-testimonials-text\">\n\t\t<p>Quelle belle d\u00e9couverte ce restaurant, sp\u00e9cialit\u00e9 frutas de mar \ud83c\udf64\ud83d\ude0d Des produits frais, de bonnes qualit\u00e9s, des plats trop bon C'est un vrai chef qui fait les plats<\/p>\n\t<\/div>\n\t<div class=\"eltd-testimonials-author\">\n\t\t<h5> juventino545<\/h5>\n\t<\/div>\n<\/div><div class=\"eltd-testimonial-content\">\n\t\t\t<div class=\"eltd-testimonials-image\">\n\t\t\t<div class=\"eltd-testimonials-image-inner\" style=\"background-image: url(https:\/\/langoustine.ca\/wp-content\/uploads\/2016\/09\/Justine-Bernatchez.png)\">\n\t\t\t<\/div>\n\t\t<\/div>\n\t\t<div class=\"eltd-testimonials-text\">\n\t\t<p>les dos plats \u00e9taient magnifiquement pr\u00e9sent\u00e9s et d\u00e9bordant de saveur. Los enviados tienen una gran importancia en la calidad de los ingredientes y en la preparaci\u00f3n de cada asistente.<\/p>\n\t<\/div>\n\t<div class=\"eltd-testimonials-author\">\n\t\t<h5> Justine Bernatchez<\/h5>\n\t<\/div>\n<\/div>\t<\/div>\n<\/div><\/div><\/div><\/div><\/div><\/div><\/div><div class=\"vc_row wpb_row vc_row-fluid eltd-section vc_custom_1476867942212 eltd-content-aligment-left eltd-grid-section\" style=\"\"><div class=\"clearfix eltd-section-inner\"><div class=\"eltd-section-inner-margin clearfix\"><div class=\"wpb_column vc_column_container vc_col-sm-12\"><div class=\"vc_column-inner\"><div class=\"wpb_wrapper\"><div class=\"eltd-testimonials-holder clearfix\">\n\t<div class=\"eltd-testimonials eltd-cards\"  data-items=\"3\" data-autoplay-speed=\"3000\" data-navigation=\"no\" data-pagination=\"yes\">\n\t\t\t\t\t<p>Sorry, no posts matched your criteria.<\/p>\n\t\t\t<\/div>\n<\/div><\/div><\/div><\/div><\/div><\/div><\/div><div data-eltd-parallax-speed=\"1\" data-eltd-parallax-bgnd='[\"https:\\\/\\\/langoustine.ca\\\/wp-content\\\/uploads\\\/2016\\\/10\\\/white-home-parallax1.jpg\",1920,980,false]' class=\"vc_row wpb_row vc_row-fluid eltd-section vc_custom_1475491100870 eltd-content-aligment-center eltd-parallax-section-holder eltd-grid-section\" style=\"background-image:url(https:\/\/langoustine.ca\/wp-content\/uploads\/2016\/10\/white-home-parallax1.jpg);\"><div class=\"clearfix eltd-section-inner\"><div class=\"eltd-section-inner-margin clearfix\"><div class=\"wpb_column vc_column_container vc_col-sm-12 vc_col-lg-offset-2 vc_col-lg-8 vc_col-md-offset-1 vc_col-md-10\"><div class=\"vc_column-inner\"><div class=\"wpb_wrapper\"><div class=\"eltd-testimonials-holder clearfix\">\n\t<div class=\"eltd-testimonials eltd-with-icon light\"  data-items=\"3\" data-autoplay-speed=\"3000\" data-navigation=\"no\" data-pagination=\"yes\">\n\t\t\t\t\t<p>Sorry, no posts matched your criteria.<\/p>\n\t\t\t<\/div>\n<\/div><\/div><\/div><\/div><\/div><\/div><\/div>\n<\/div>","protected":false},"excerpt":{"rendered":"","protected":false},"author":1,"featured_media":0,"parent":0,"menu_order":0,"comment_status":"closed","ping_status":"closed","template":"full-width.php","meta":{"footnotes":""},"class_list":["post-1603","page","type-page","status-publish","hentry"],"jetpack_sharing_enabled":true,"_links":{"self":[{"href":"https:\/\/langoustine.ca\/es\/wp-json\/wp\/v2\/pages\/1603","targetHints":{"allow":["GET"]}}],"collection":[{"href":"https:\/\/langoustine.ca\/es\/wp-json\/wp\/v2\/pages"}],"about":[{"href":"https:\/\/langoustine.ca\/es\/wp-json\/wp\/v2\/types\/page"}],"author":[{"embeddable":true,"href":"https:\/\/langoustine.ca\/es\/wp-json\/wp\/v2\/users\/1"}],"replies":[{"embeddable":true,"href":"https:\/\/langoustine.ca\/es\/wp-json\/wp\/v2\/comments?post=1603"}],"version-history":[{"count":0,"href":"https:\/\/langoustine.ca\/es\/wp-json\/wp\/v2\/pages\/1603\/revisions"}],"wp:attachment":[{"href":"https:\/\/langoustine.ca\/es\/wp-json\/wp\/v2\/media?parent=1603"}],"curies":[{"name":"wp","href":"https:\/\/api.w.org\/{rel}","templated":true}]}}