{"id":6330,"date":"2016-10-04T08:35:30","date_gmt":"2016-10-04T08:35:30","guid":{"rendered":"https:\/\/savory.qodeinteractive.com\/?page_id=6330"},"modified":"2025-08-18T07:15:25","modified_gmt":"2025-08-18T11:15:25","slug":"about-us","status":"publish","type":"page","link":"https:\/\/langoustine.ca\/fr\/about-us\/","title":{"rendered":"About Us"},"content":{"rendered":"<div class=\"wpb-content-wrapper\"><div class=\"vc_row wpb_row vc_row-fluid eltd-section vc_custom_1476867859128 eltd-content-aligment-center eltd-grid-section\" style=\"\"><div class=\"clearfix eltd-section-inner\"><div class=\"eltd-section-inner-margin clearfix\"><div class=\"wpb_column vc_column_container vc_col-sm-12 vc_col-lg-offset-3 vc_col-lg-6 vc_col-md-offset-1 vc_col-md-10\"><div class=\"vc_column-inner\"><div class=\"wpb_wrapper\"><div class=\"eltd-section-title-outer-holder\" style=\"text-align: center\">\n\n\t\t\t<div class=\"eltd-section-subtitle-holder\">\n\t\t\t<h5 class=\"eltd-section-subtitle\" style=\";;color: #333333;;;;\">\n\t\t\t\tsavoureux et croquant\t\t\t<\/h5>\n\t\t<\/div>\n\t\n\t\t\t<div class=\"eltd-section-title-title-holder\">\n\t\t\t\t<h2 class=\"eltd-section-title\" style=\";font-size: 60px;;font-weight: 600;line-height: 79px;text-transform: None;letter-spacing: 0.5px;\">\n\t\t\t\tOur Story\t\t\t\t<\/h2>\n\t\t<\/div>\n\t\n<\/div>\n\t<div class=\"wpb_text_column wpb_content_element\" >\n\t\t<div class=\"wpb_wrapper\">\n\t\t\t<h4>Welcome to Langoustine, a culinary passion project born from a deep love for the ocean&#8217;s bounty and the vibrant city of Montr\u00e9al. We created Langoustine with a simple mission: to bring the authentic, unparalleled taste of fresh seafood to our community. Our journey began with a commitment to quality and a dedication to crafting dishes that tell a story\u2014a story of the sea, of coastal traditions, and of a shared love for fine dining.<\/h4>\n\n\t\t<\/div>\n\t<\/div>\n<\/div><\/div><\/div><\/div><\/div><\/div><div class=\"vc_row wpb_row vc_row-fluid eltd-section vc_custom_1475572438284 eltd-content-aligment-left eltd-grid-section\" style=\"\"><div class=\"clearfix eltd-section-inner\"><div class=\"eltd-section-inner-margin clearfix\"><div class=\"wpb_column vc_column_container vc_col-sm-10 vc_col-lg-offset-0 vc_col-lg-4 vc_col-md-offset-1 vc_col-md-10 vc_col-sm-offset-1\"><div class=\"vc_column-inner\"><div class=\"wpb_wrapper\">\n\t<div  class=\"wpb_single_image wpb_content_element vc_align_center wpb_content_element\">\n\t\t<h2 class=\"wpb_heading wpb_singleimage_heading\">Seafood Spaghetti<\/h2>\n\t\t<figure class=\"wpb_wrapper vc_figure\">\n\t\t\t<div class=\"vc_single_image-wrapper   vc_box_border_grey\"><img loading=\"lazy\" decoding=\"async\" width=\"2560\" height=\"1440\" src=\"https:\/\/langoustine.ca\/wp-content\/uploads\/2025\/08\/spaghetti-seafood.webp\" class=\"vc_single_image-img attachment-full\" alt=\"spaghetti seafood\" title=\"spaghetti seafood\" srcset=\"https:\/\/langoustine.ca\/wp-content\/uploads\/2025\/08\/spaghetti-seafood.webp 2560w, https:\/\/langoustine.ca\/wp-content\/uploads\/2025\/08\/spaghetti-seafood-300x169.webp 300w, https:\/\/langoustine.ca\/wp-content\/uploads\/2025\/08\/spaghetti-seafood-1024x576.webp 1024w, https:\/\/langoustine.ca\/wp-content\/uploads\/2025\/08\/spaghetti-seafood-768x432.webp 768w, https:\/\/langoustine.ca\/wp-content\/uploads\/2025\/08\/spaghetti-seafood-1536x864.webp 1536w, https:\/\/langoustine.ca\/wp-content\/uploads\/2025\/08\/spaghetti-seafood-600x338.webp 600w\" sizes=\"auto, (max-width: 2560px) 100vw, 2560px\" \/><\/div>\n\t\t<\/figure>\n\t<\/div>\n<div class=\"vc_empty_space\"   style=\"height: 21px\"><span class=\"vc_empty_space_inner\"><\/span><\/div><div class=\"eltd-section-title-outer-holder\" style=\"text-align: left\">\n\n\t\n\t\t\t<div class=\"eltd-section-title-title-holder\">\n\t\t\t\t<h3 class=\"eltd-section-title\" style=\";font-size: 18px;;font-weight: 600;line-height: 21px;text-transform: None;;\">\n\t\t\t\tSeafood Spaghetti\t\t\t\t<\/h3>\n\t\t<\/div>\n\t\n<\/div>\n\t<div class=\"wpb_text_column wpb_content_element\" >\n\t\t<div class=\"wpb_wrapper\">\n\t\t\t<p>Dive into a classic dish with a twist. Our <b>seafood spaghetti<\/b> is a true delight, generously garnished with succulent langoustine, juicy shrimp, mussels, and calamari. It&#8217;s all coated in a rich, homemade tomato sauce, simmered with garlic, white wine, and fresh herbs for an authentic and comforting taste.<\/p>\n\n\t\t<\/div>\n\t<\/div>\n<div class=\"vc_empty_space\"   style=\"height: 12px\"><span class=\"vc_empty_space_inner\"><\/span><\/div><div class=\"vc_empty_space\"   style=\"height: 30px\"><span class=\"vc_empty_space_inner\"><\/span><\/div><\/div><\/div><\/div><div class=\"wpb_column vc_column_container vc_col-sm-10 vc_col-lg-offset-0 vc_col-lg-4 vc_col-md-offset-1 vc_col-md-10 vc_col-sm-offset-1\"><div class=\"vc_column-inner\"><div class=\"wpb_wrapper\">\n\t<div  class=\"wpb_single_image wpb_content_element vc_align_center wpb_content_element\">\n\t\t<h2 class=\"wpb_heading wpb_singleimage_heading\">Our Paella at langoustine<\/h2>\n\t\t<figure class=\"wpb_wrapper vc_figure\">\n\t\t\t<div class=\"vc_single_image-wrapper   vc_box_border_grey\"><img loading=\"lazy\" decoding=\"async\" width=\"2560\" height=\"1440\" src=\"https:\/\/langoustine.ca\/wp-content\/uploads\/2025\/08\/Paella_fruits_de_mer_2_personnes.webp\" class=\"vc_single_image-img attachment-full\" alt=\"paella seafood 2 pacs\" title=\"Paella_fruits_de_mer_2_personnes\" srcset=\"https:\/\/langoustine.ca\/wp-content\/uploads\/2025\/08\/Paella_fruits_de_mer_2_personnes.webp 2560w, https:\/\/langoustine.ca\/wp-content\/uploads\/2025\/08\/Paella_fruits_de_mer_2_personnes-300x169.webp 300w, https:\/\/langoustine.ca\/wp-content\/uploads\/2025\/08\/Paella_fruits_de_mer_2_personnes-1024x576.webp 1024w, https:\/\/langoustine.ca\/wp-content\/uploads\/2025\/08\/Paella_fruits_de_mer_2_personnes-768x432.webp 768w, https:\/\/langoustine.ca\/wp-content\/uploads\/2025\/08\/Paella_fruits_de_mer_2_personnes-1536x864.webp 1536w, https:\/\/langoustine.ca\/wp-content\/uploads\/2025\/08\/Paella_fruits_de_mer_2_personnes-600x338.webp 600w\" sizes=\"auto, (max-width: 2560px) 100vw, 2560px\" \/><\/div>\n\t\t<\/figure>\n\t<\/div>\n<div class=\"vc_empty_space\"   style=\"height: 21px\"><span class=\"vc_empty_space_inner\"><\/span><\/div><div class=\"eltd-section-title-outer-holder\" style=\"text-align: left\">\n\n\t\n\t\t\t<div class=\"eltd-section-title-title-holder\">\n\t\t\t\t<h3 class=\"eltd-section-title\" style=\";font-size: 18px;;font-weight: 600;line-height: 21px;text-transform: None;;\">\n\t\t\t\tOur Paella at langoustine\t\t\t\t<\/h3>\n\t\t<\/div>\n\t\n<\/div>\n\t<div class=\"wpb_text_column wpb_content_element\" >\n\t\t<div class=\"wpb_wrapper\">\n\t\t\t<p>Perfect for sharing, our <b>Paella<\/b> is an explosion of flavor. This iconic Spanish dish is meticulously prepared, combining saffron rice with a luxurious assortment of fresh seafood: king prawns, mussels, clams, and tender calamari. A feast for both the eyes and the palate.<\/p>\n\n\t\t<\/div>\n\t<\/div>\n<div class=\"vc_empty_space\"   style=\"height: 12px\"><span class=\"vc_empty_space_inner\"><\/span><\/div><div class=\"vc_empty_space\"   style=\"height: 30px\"><span class=\"vc_empty_space_inner\"><\/span><\/div><\/div><\/div><\/div><div class=\"wpb_column vc_column_container vc_col-sm-10 vc_col-lg-offset-0 vc_col-lg-4 vc_col-md-offset-1 vc_col-md-10 vc_col-sm-offset-1\"><div class=\"vc_column-inner\"><div class=\"wpb_wrapper\">\n\t<div  class=\"wpb_single_image wpb_content_element vc_align_center wpb_content_element\">\n\t\t<h2 class=\"wpb_heading wpb_singleimage_heading\">The Chef&#039;s Dessert<\/h2>\n\t\t<figure class=\"wpb_wrapper vc_figure\">\n\t\t\t<div class=\"vc_single_image-wrapper   vc_box_border_grey\"><img loading=\"lazy\" decoding=\"async\" width=\"2560\" height=\"1440\" src=\"https:\/\/langoustine.ca\/wp-content\/uploads\/2025\/08\/Gateau_du_chef.webp\" class=\"vc_single_image-img attachment-full\" alt=\"Gateau du chef\" title=\"Gateau_du_chef\" srcset=\"https:\/\/langoustine.ca\/wp-content\/uploads\/2025\/08\/Gateau_du_chef.webp 2560w, https:\/\/langoustine.ca\/wp-content\/uploads\/2025\/08\/Gateau_du_chef-300x169.webp 300w, https:\/\/langoustine.ca\/wp-content\/uploads\/2025\/08\/Gateau_du_chef-1024x576.webp 1024w, https:\/\/langoustine.ca\/wp-content\/uploads\/2025\/08\/Gateau_du_chef-768x432.webp 768w, https:\/\/langoustine.ca\/wp-content\/uploads\/2025\/08\/Gateau_du_chef-1536x864.webp 1536w, https:\/\/langoustine.ca\/wp-content\/uploads\/2025\/08\/Gateau_du_chef-600x338.webp 600w\" sizes=\"auto, (max-width: 2560px) 100vw, 2560px\" \/><\/div>\n\t\t<\/figure>\n\t<\/div>\n<div class=\"vc_empty_space\"   style=\"height: 21px\"><span class=\"vc_empty_space_inner\"><\/span><\/div><div class=\"eltd-section-title-outer-holder\" style=\"text-align: left\">\n\n\t\n\t\t\t<div class=\"eltd-section-title-title-holder\">\n\t\t\t\t<h3 class=\"eltd-section-title\" style=\";font-size: 18px;;font-weight: 600;line-height: 21px;text-transform: None;;\">\n\t\t\t\tThe Chef&#039;s Dessert\t\t\t\t<\/h3>\n\t\t<\/div>\n\t\n<\/div>\n\t<div class=\"wpb_text_column wpb_content_element\" >\n\t\t<div class=\"wpb_wrapper\">\n\t\t\t<p>Our <b>Chef&#8217;s Signature Dessert<\/b> is a sweet surprise created fresh daily. Inspired by the season and the freshest ingredients, our pastry chef crafts a new and delicious confection each day. This special is a celebration of culinary artistry and a perfect final treat for your palate.<\/p>\n\n\t\t<\/div>\n\t<\/div>\n<div class=\"vc_empty_space\"   style=\"height: 12px\"><span class=\"vc_empty_space_inner\"><\/span><\/div><div class=\"vc_empty_space\"   style=\"height: 30px\"><span class=\"vc_empty_space_inner\"><\/span><\/div><\/div><\/div><\/div><\/div><\/div><\/div><div class=\"vc_row wpb_row vc_row-fluid eltd-section vc_custom_1475674456628 eltd-content-aligment-left eltd-grid-section\" style=\"\"><div class=\"clearfix eltd-section-inner\"><div class=\"eltd-section-inner-margin clearfix\"><div class=\"wpb_column vc_column_container vc_col-sm-12 vc_col-lg-6 vc_col-md-12\"><div class=\"vc_column-inner\"><div class=\"wpb_wrapper\"><div class=\"vc_empty_space\"   style=\"height: 100px\"><span class=\"vc_empty_space_inner\"><\/span><\/div><div class=\"eltd-section-title-outer-holder\" style=\"text-align: left\">\n\n\t\t\t<div class=\"eltd-section-subtitle-holder\">\n\t\t\t<h5 class=\"eltd-section-subtitle\" style=\";;color: #333333;;;;\">\n\t\t\t\tFrom the Ocean\t\t\t<\/h5>\n\t\t<\/div>\n\t\n\t\t\t<div class=\"eltd-section-title-title-holder\">\n\t\t\t\t<h2 class=\"eltd-section-title\" style=\";font-size: 60px;;font-weight: 600;line-height: 63px;text-transform: None;letter-spacing: 0.5px;\">\n\t\t\t\tMeet Our Chef\t\t\t\t<\/h2>\n\t\t<\/div>\n\t\n<\/div>\n\t<div class=\"wpb_text_column wpb_content_element\" >\n\t\t<div class=\"wpb_wrapper\">\n\t\t\t<h4>At the heart of our kitchen is our head chef, a true culinary artist with a lifelong passion for the sea. He believes that the best dishes are born from the freshest ingredients and that every flavor tells a story. From expertly prepared fish with a perfectly <b>crisp<\/b> finish to rich, savory seafood broths, his dedication to quality and technique ensures every plate is a delicious and unforgettable experience.<\/h4>\n\n\t\t<\/div>\n\t<\/div>\n<div class=\"vc_empty_space\"   style=\"height: 32px\"><span class=\"vc_empty_space_inner\"><\/span><\/div><a href=\"#\" target=\"_self\" style=\"color: #333333;background-color: #ffffff\" class=\"eltd-btn eltd-btn-medium eltd-btn-solid eltd-btn-custom-hover-bg eltd-btn-custom-hover-color eltd-btn-hover-animation eltd-btn-sweep-from-left\" data-hover-bg-color=\"#333333\" data-hover-color=\"#ffffff\" >\n\t\t\t<div class=\"eltd-btn-hover-overlay\"><\/div>\n\t    <span class=\"eltd-btn-text\">Consultez notre menu<\/span>\n    <\/a><\/div><\/div><\/div><div class=\"wpb_column vc_column_container vc_col-sm-12 vc_col-lg-6 vc_col-md-12\"><div class=\"vc_column-inner\"><div class=\"wpb_wrapper\">\n\t<div  class=\"wpb_single_image wpb_content_element vc_align_center wpb_content_element\">\n\t\t\n\t\t<figure class=\"wpb_wrapper vc_figure\">\n\t\t\t<div class=\"vc_single_image-wrapper   vc_box_border_grey\"><img loading=\"lazy\" decoding=\"async\" width=\"1080\" height=\"1080\" src=\"https:\/\/langoustine.ca\/wp-content\/uploads\/2025\/01\/793b0abb-9f7c-488d-8ff7-8ad50233dfb6.jpeg\" class=\"vc_single_image-img attachment-full\" alt=\"our chef kamel\" title=\"our chef kamel\" srcset=\"https:\/\/langoustine.ca\/wp-content\/uploads\/2025\/01\/793b0abb-9f7c-488d-8ff7-8ad50233dfb6.jpeg 1080w, https:\/\/langoustine.ca\/wp-content\/uploads\/2025\/01\/793b0abb-9f7c-488d-8ff7-8ad50233dfb6-300x300.jpeg 300w, https:\/\/langoustine.ca\/wp-content\/uploads\/2025\/01\/793b0abb-9f7c-488d-8ff7-8ad50233dfb6-200x200.jpeg 200w, https:\/\/langoustine.ca\/wp-content\/uploads\/2025\/01\/793b0abb-9f7c-488d-8ff7-8ad50233dfb6-600x600.jpeg 600w, https:\/\/langoustine.ca\/wp-content\/uploads\/2025\/01\/793b0abb-9f7c-488d-8ff7-8ad50233dfb6-1024x1024.jpeg 1024w, https:\/\/langoustine.ca\/wp-content\/uploads\/2025\/01\/793b0abb-9f7c-488d-8ff7-8ad50233dfb6-150x150.jpeg 150w, https:\/\/langoustine.ca\/wp-content\/uploads\/2025\/01\/793b0abb-9f7c-488d-8ff7-8ad50233dfb6-768x768.jpeg 768w, https:\/\/langoustine.ca\/wp-content\/uploads\/2025\/01\/793b0abb-9f7c-488d-8ff7-8ad50233dfb6-550x550.jpeg 550w, https:\/\/langoustine.ca\/wp-content\/uploads\/2025\/01\/793b0abb-9f7c-488d-8ff7-8ad50233dfb6-1000x1000.jpeg 1000w\" sizes=\"auto, (max-width: 1080px) 100vw, 1080px\" \/><\/div>\n\t\t<\/figure>\n\t<\/div>\n<\/div><\/div><\/div><\/div><\/div><\/div><div class=\"vc_row wpb_row vc_row-fluid eltd-section vc_custom_1475572466484 eltd-content-aligment-center\" style=\"\"><div class=\"clearfix eltd-full-section-inner\"><div class=\"wpb_column vc_column_container vc_col-sm-12 vc_col-lg-offset-2 vc_col-lg-8 vc_col-md-offset-1 vc_col-md-10\"><div class=\"vc_column-inner vc_custom_1475498086536\"><div class=\"wpb_wrapper\"><div class=\"eltd-section-title-outer-holder\" style=\"text-align: center\">\n\n\t\t\t<div class=\"eltd-section-subtitle-holder\">\n\t\t\t<h5 class=\"eltd-section-subtitle\" style=\";;color: #333333;;;;\">\n\t\t\t\tA taste of our finest creations.\t\t\t<\/h5>\n\t\t<\/div>\n\t\n\t\t\t<div class=\"eltd-section-title-title-holder\">\n\t\t\t\t<h2 class=\"eltd-section-title\" style=\";font-size: 60px;;font-weight: 600;line-height: 79px;text-transform: None;letter-spacing: 0.5px;\">\n\t\t\t\tOur Specialties\t\t\t\t<\/h2>\n\t\t<\/div>\n\t\n<\/div><\/div><\/div><\/div><\/div><\/div><div class=\"vc_row wpb_row vc_row-fluid eltd-section vc_custom_1475572477404 eltd-content-aligment-left eltd-grid-section\" style=\"\"><div class=\"clearfix eltd-section-inner\"><div class=\"eltd-section-inner-margin clearfix\"><div class=\"wpb_column vc_column_container vc_col-sm-12 vc_col-lg-offset-0 vc_col-lg-5 vc_col-md-offset-0 vc_col-md-12\"><div class=\"vc_column-inner\"><div class=\"wpb_wrapper\">\n\t<div  class=\"wpb_single_image wpb_content_element vc_align_center wpb_content_element\">\n\t\t\n\t\t<figure class=\"wpb_wrapper vc_figure\">\n\t\t\t<div class=\"vc_single_image-wrapper   vc_box_border_grey\"><img loading=\"lazy\" decoding=\"async\" width=\"2560\" height=\"1440\" src=\"https:\/\/langoustine.ca\/wp-content\/uploads\/2025\/08\/langoustine-seafood-Restaurant-in-Montreal.webp\" class=\"vc_single_image-img attachment-full\" alt=\"Langoustines Restaurant de fruits de mer \u00e0 Montr\u00e9al\" title=\"Langoustines Restaurant de fruits de mer \u00e0 Montr\u00e9al\" srcset=\"https:\/\/langoustine.ca\/wp-content\/uploads\/2025\/08\/langoustine-seafood-Restaurant-in-Montreal.webp 2560w, https:\/\/langoustine.ca\/wp-content\/uploads\/2025\/08\/langoustine-seafood-Restaurant-in-Montreal-300x169.webp 300w, https:\/\/langoustine.ca\/wp-content\/uploads\/2025\/08\/langoustine-seafood-Restaurant-in-Montreal-1024x576.webp 1024w, https:\/\/langoustine.ca\/wp-content\/uploads\/2025\/08\/langoustine-seafood-Restaurant-in-Montreal-768x432.webp 768w, https:\/\/langoustine.ca\/wp-content\/uploads\/2025\/08\/langoustine-seafood-Restaurant-in-Montreal-1536x864.webp 1536w, https:\/\/langoustine.ca\/wp-content\/uploads\/2025\/08\/langoustine-seafood-Restaurant-in-Montreal-600x338.webp 600w\" sizes=\"auto, (max-width: 2560px) 100vw, 2560px\" \/><\/div>\n\t\t<\/figure>\n\t<\/div>\n<div class=\"vc_empty_space\"   style=\"height: 30px\"><span class=\"vc_empty_space_inner\"><\/span><\/div><\/div><\/div><\/div><div class=\"wpb_column vc_column_container vc_col-sm-12 vc_col-lg-offset-0 vc_col-lg-7 vc_col-md-offset-0 vc_col-md-12\"><div class=\"vc_column-inner\"><div class=\"wpb_wrapper\"><div class=\"eltd-tabs eltd-horizontal-tab  eltd-transparent-tabs clearfix\">\n\t<ul class=\"eltd-tabs-nav\">\n\t\t\t\t\t<li>\n\t\t\t\t<a href=\"#tab-starters\">\n\t\t\t\t\tStarters\t\t\t\t<\/a>\n\t\t\t <\/li>\n\t\t\t\t\t<li>\n\t\t\t\t<a href=\"#tab-mains\">\n\t\t\t\t\tMains\t\t\t\t<\/a>\n\t\t\t <\/li>\n\t\t\t\t\t<li>\n\t\t\t\t<a href=\"#tab-desserts\">\n\t\t\t\t\tDesserts\t\t\t\t<\/a>\n\t\t\t <\/li>\n\t\t\t\t\t\t\t<li class=\"eltd-tab-line\"><\/li>\n\t\t\t<\/ul> \n\t<div class=\"eltd-tab-container\" id=\"tab-starters-726\">\n\t\n\t<div class=\"wpb_text_column wpb_content_element\" >\n\t\t<div class=\"wpb_wrapper\">\n\t\t\t<p>Begin your meal with our refined starters, designed to awaken your senses. Discover fresh and unexpected flavors with our <b>seafood and pineapple salad<\/b> served in its shell, or find comfort in the rich flavor of our dill-infused <b>shrimp bisque<\/b>. Lovers of classics will savor our crispy <b>golden calamari<\/b>, while our <b>breaded shrimp and scallops<\/b> are perfect for sharing. For a touch of elegance, don&#8217;t miss our seared <b>scallops with orange-infused brown butter<\/b>.<\/p>\n\n\t\t<\/div>\n\t<\/div>\n<\/div><div class=\"eltd-tab-container\" id=\"tab-mains-412\">\n\t\n\t<div class=\"wpb_text_column wpb_content_element\" >\n\t\t<div class=\"wpb_wrapper\">\n\t\t\t<p>Our main menu is a true celebration of the ocean&#8217;s bounty. Dive into our iconic paellas, the <b>Seafood Paella<\/b> or the <b>Valencian Paella<\/b>, ideal for a feast for two. We revisit classics like our <b>Octopus \u00e0 la Proven\u00e7ale<\/b> or the fused <b>Sea Bass fillet<\/b>, and our chef&#8217;s-style salmon. For a comforting dish, opt for the <b>Fisherman&#8217;s Stew<\/b> or the <b>gratin\u00e9ed lobster tails<\/b>. Our menu also offers a variety of fresh fish of the day and gourmet pasta dishes, such as our <b>squid ink spaghetti<\/b> or the <b>shrimp penne with ros\u00e9 sauce<\/b>.<\/p>\n\n\t\t<\/div>\n\t<\/div>\n<\/div><div class=\"eltd-tab-container\" id=\"tab-desserts-695\">\n\t\n\t<div class=\"wpb_text_column wpb_content_element\" >\n\t\t<div class=\"wpb_wrapper\">\n\t\t\t<p>End your culinary experience on a sweet note. Our selection of classic desserts, like the <b>cr\u00e8me br\u00fbl\u00e9e<\/b> and <b>chocolate fondue<\/b>, is the perfect conclusion to your meal. Be sure to ask for our daily <b>chef&#8217;s dessert<\/b>, a unique creation that changes with the seasons and the chef&#8217;s inspiration.<\/p>\n\n\t\t<\/div>\n\t<\/div>\n<\/div><\/div><div class=\"vc_empty_space\"   style=\"height: 22px\"><span class=\"vc_empty_space_inner\"><\/span><\/div>\n\t<div  class=\"wpb_single_image wpb_content_element vc_align_left wpb_content_element\">\n\t\t\n\t\t<figure class=\"wpb_wrapper vc_figure\">\n\t\t\t<div class=\"vc_single_image-wrapper   vc_box_border_grey\"><img loading=\"lazy\" decoding=\"async\" width=\"147\" height=\"50\" src=\"https:\/\/langoustine.ca\/wp-content\/uploads\/2016\/10\/home6-grid-image2.png\" class=\"vc_single_image-img attachment-full\" alt=\"d\" title=\"home6-grid-image2\" \/><\/div>\n\t\t<\/figure>\n\t<\/div>\n<div class=\"vc_empty_space\"   style=\"height: 30px\"><span class=\"vc_empty_space_inner\"><\/span><\/div><\/div><\/div><\/div><\/div><\/div><\/div>\n<\/div>","protected":false},"excerpt":{"rendered":"tasty and crunchy Our Story Welcome to Langoustine, a culinary passion project born from a deep love for the ocean's bounty and the vibrant city of Montr\u00e9al. We created Langoustine with a simple mission: to bring the authentic, unparalleled taste of fresh seafood to our...","protected":false},"author":1,"featured_media":0,"parent":0,"menu_order":0,"comment_status":"closed","ping_status":"closed","template":"full-width.php","meta":{"footnotes":""},"class_list":["post-6330","page","type-page","status-publish","hentry"],"jetpack_sharing_enabled":true,"_links":{"self":[{"href":"https:\/\/langoustine.ca\/fr\/wp-json\/wp\/v2\/pages\/6330","targetHints":{"allow":["GET"]}}],"collection":[{"href":"https:\/\/langoustine.ca\/fr\/wp-json\/wp\/v2\/pages"}],"about":[{"href":"https:\/\/langoustine.ca\/fr\/wp-json\/wp\/v2\/types\/page"}],"author":[{"embeddable":true,"href":"https:\/\/langoustine.ca\/fr\/wp-json\/wp\/v2\/users\/1"}],"replies":[{"embeddable":true,"href":"https:\/\/langoustine.ca\/fr\/wp-json\/wp\/v2\/comments?post=6330"}],"version-history":[{"count":15,"href":"https:\/\/langoustine.ca\/fr\/wp-json\/wp\/v2\/pages\/6330\/revisions"}],"predecessor-version":[{"id":10290,"href":"https:\/\/langoustine.ca\/fr\/wp-json\/wp\/v2\/pages\/6330\/revisions\/10290"}],"wp:attachment":[{"href":"https:\/\/langoustine.ca\/fr\/wp-json\/wp\/v2\/media?parent=6330"}],"curies":[{"name":"wp","href":"https:\/\/api.w.org\/{rel}","templated":true}]}}